{"id":30006,"date":"2025-08-21T12:10:15","date_gmt":"2025-08-21T12:10:15","guid":{"rendered":"https:\/\/doctorhulk.com\/anipedia\/?post_type=product&#038;p=30006"},"modified":"2025-10-04T18:53:54","modified_gmt":"2025-10-04T18:53:54","slug":"viper","status":"publish","type":"product","link":"https:\/\/doctorhulk.com\/zoopedia\/animal\/viper\/","title":{"rendered":"Viper"},"content":{"rendered":"<p data-start=\"0\" data-end=\"286\">A viper is a type of venomous snake known for its long, hinged fangs and potent bite. Vipers are found all over the world, especially in Europe, Asia, and Africa, and include well-known species like adders, pit vipers, and rattlesnakes (in the Americas).<\/p>\n<p data-start=\"288\" data-end=\"623\">What makes vipers stand out is their folding fangs, they can lie flat inside the mouth and swing forward when it\u2019s time to bite. This allows vipers to deliver a quick, deep injection of venom, which helps them kill or paralyze their prey (usually small mammals, birds, or reptiles) and start digesting it even before swallowing.<\/p>\n<div class=\"flex basis-auto flex-col -mb-(--composer-overlap-px) [--composer-overlap-px:55px] grow overflow-hidden\">\n<div class=\"relative h-full\">\n<div class=\"flex h-full flex-col overflow-y-auto [scrollbar-gutter:stable_both-edges] @[84rem]\/thread:pt-(--header-height)\">\n<div class=\"@thread-xl\/thread:pt-header-height flex flex-col text-sm pb-25\">\n<article class=\"text-token-text-primary w-full\" dir=\"auto\" data-testid=\"conversation-turn-30\" data-scroll-anchor=\"true\">\n<div class=\"text-base my-auto mx-auto pb-10 [--thread-content-margin:--spacing(4)] @[37rem]:[--thread-content-margin:--spacing(6)] @[72rem]:[--thread-content-margin:--spacing(16)] px-(--thread-content-margin)\">\n<div class=\"[--thread-content-max-width:32rem] @[34rem]:[--thread-content-max-width:40rem] @[64rem]:[--thread-content-max-width:48rem] mx-auto max-w-(--thread-content-max-width) flex-1 group\/turn-messages focus-visible:outline-hidden relative flex w-full min-w-0 flex-col agent-turn\" tabindex=\"-1\">\n<div class=\"flex max-w-full flex-col grow\">\n<div class=\"min-h-8 text-message relative flex w-full flex-col items-end gap-2 text-start break-words whitespace-normal [.text-message+&amp;]:mt-5\" dir=\"auto\" data-message-author-role=\"assistant\" data-message-id=\"4529c157-f4da-4407-bb38-f59e2d14deec\" data-message-model-slug=\"gpt-4o\">\n<div class=\"flex w-full flex-col gap-1 empty:hidden first:pt-[3px]\">\n<div class=\"markdown prose dark:prose-invert w-full break-words light\"><strong data-start=\"576\" data-end=\"605\">Scientific Classification<\/strong><\/p>\n<ul data-start=\"607\" data-end=\"731\">\n<li data-start=\"607\" data-end=\"632\">\n<p data-start=\"609\" data-end=\"632\"><strong data-start=\"609\" data-end=\"621\">Kingdom:<\/strong> Animalia<\/p>\n<\/li>\n<li data-start=\"633\" data-end=\"657\">\n<p data-start=\"635\" data-end=\"657\"><strong data-start=\"635\" data-end=\"646\">Phylum:<\/strong> Chordata<\/p>\n<\/li>\n<li data-start=\"658\" data-end=\"681\">\n<p data-start=\"660\" data-end=\"681\"><strong data-start=\"660\" data-end=\"670\">Class:<\/strong> Reptilia<\/p>\n<\/li>\n<li data-start=\"682\" data-end=\"705\">\n<p data-start=\"684\" data-end=\"705\"><strong data-start=\"684\" data-end=\"694\">Order:<\/strong> Squamata<\/p>\n<\/li>\n<li data-start=\"706\" data-end=\"731\">\n<p data-start=\"708\" data-end=\"731\"><strong data-start=\"708\" data-end=\"719\">Family:<\/strong> Viperidae<\/p>\n<\/li>\n<\/ul>\n<p data-start=\"733\" data-end=\"934\">The Viperidae family includes many types of venomous snakes known for their hinged fangs and powerful venom. They are often confused with cobras or pythons, but vipers are a group of their own.<\/p>\n<p><strong data-start=\"948\" data-end=\"964\">Common Names<\/strong><\/p>\n<ul data-start=\"966\" data-end=\"1162\">\n<li data-start=\"966\" data-end=\"975\">\n<p data-start=\"968\" data-end=\"975\">Viper<\/p>\n<\/li>\n<li data-start=\"976\" data-end=\"1025\">\n<p data-start=\"978\" data-end=\"1025\">Pit viper (for snakes with heat-sensing pits)<\/p>\n<\/li>\n<li data-start=\"1026\" data-end=\"1059\">\n<p data-start=\"1028\" data-end=\"1059\">Adders (some European vipers)<\/p>\n<\/li>\n<li data-start=\"1060\" data-end=\"1090\">\n<p data-start=\"1062\" data-end=\"1090\">In Yoruba: <em data-start=\"1073\" data-end=\"1088\">Ej\u00f2 t\u00f3 l\u00e8 p\u1ecdn<\/em><\/p>\n<\/li>\n<li data-start=\"1091\" data-end=\"1122\">\n<p data-start=\"1093\" data-end=\"1122\">In Hausa: <em data-start=\"1103\" data-end=\"1120\">Maciji mai guba<\/em><\/p>\n<\/li>\n<li data-start=\"1123\" data-end=\"1162\">\n<p data-start=\"1125\" data-end=\"1162\">In Igbo: <em data-start=\"1134\" data-end=\"1145\">Agw\u1ecd ngw\u1ecd<\/em> (venomous snake)<\/p>\n<\/li>\n<\/ul>\n<p><strong data-start=\"1176\" data-end=\"1203\">Geographic Distribution<\/strong><\/p>\n<p data-start=\"1205\" data-end=\"1255\">Vipers live in many parts of the world, including:<\/p>\n<ul data-start=\"1257\" data-end=\"1313\">\n<li data-start=\"1257\" data-end=\"1267\">\n<p data-start=\"1259\" data-end=\"1267\">Africa<\/p>\n<\/li>\n<li data-start=\"1268\" data-end=\"1278\">\n<p data-start=\"1270\" data-end=\"1278\">Europe<\/p>\n<\/li>\n<li data-start=\"1279\" data-end=\"1287\">\n<p data-start=\"1281\" data-end=\"1287\">Asia<\/p>\n<\/li>\n<li data-start=\"1288\" data-end=\"1313\">\n<p data-start=\"1290\" data-end=\"1313\">North and South America<\/p>\n<\/li>\n<\/ul>\n<p data-start=\"1315\" data-end=\"1399\">They\u2019re found in forests, deserts, grasslands, rocky areas, and even near farms.<\/p>\n<h4 data-start=\"1406\" data-end=\"1441\"><strong data-start=\"1413\" data-end=\"1441\">Physical Characteristics<\/strong><\/h4>\n<ul data-start=\"1443\" data-end=\"1753\">\n<li data-start=\"1443\" data-end=\"1511\">\n<p data-start=\"1445\" data-end=\"1511\"><strong data-start=\"1445\" data-end=\"1454\">Body:<\/strong> Thick, muscular, and covered in keeled (ridged) scales<\/p>\n<\/li>\n<li data-start=\"1512\" data-end=\"1563\">\n<p data-start=\"1514\" data-end=\"1563\"><strong data-start=\"1514\" data-end=\"1523\">Head:<\/strong> Broad and triangular with narrow neck<\/p>\n<\/li>\n<li data-start=\"1564\" data-end=\"1622\">\n<p data-start=\"1566\" data-end=\"1622\"><strong data-start=\"1566\" data-end=\"1576\">Fangs:<\/strong> Long, hinged, and fold back when not in use<\/p>\n<\/li>\n<li data-start=\"1623\" data-end=\"1685\">\n<p data-start=\"1625\" data-end=\"1685\"><strong data-start=\"1625\" data-end=\"1636\">Pupils:<\/strong> Vertical slits (like a cat\u2019s) for night vision<\/p>\n<\/li>\n<li data-start=\"1686\" data-end=\"1753\">\n<p data-start=\"1688\" data-end=\"1753\"><strong data-start=\"1688\" data-end=\"1697\">Size:<\/strong> Ranges from 30 cm to over 2 meters depending on species<\/p>\n<\/li>\n<\/ul>\n<p data-start=\"1755\" data-end=\"1854\"><img fetchpriority=\"high\" decoding=\"async\" class=\"aligncenter\" src=\"https:\/\/encrypted-tbn0.gstatic.com\/images?q=tbn:ANd9GcQywtKWoj_nId_20ZasdwzvUeqvHsZbkz6KJw&amp;s\" alt=\"9,035 Viper Head Stock Photos - Free &amp; Royalty-Free Stock Photos from Dreamstime\" width=\"349\" height=\"200\" \/><\/p>\n<p style=\"text-align: center;\" data-start=\"1755\" data-end=\"1854\"><em data-start=\"1758\" data-end=\"1854\">Image showing a viper showing its triangle-shaped head and vertical pupils (Source: Dreamstime)<\/em><\/p>\n<h4 data-start=\"1861\" data-end=\"1893\"><strong data-start=\"1868\" data-end=\"1893\">Major species of Vipers<\/strong><\/h4>\n<h5 data-start=\"1900\" data-end=\"1943\">1. <strong data-start=\"1908\" data-end=\"1943\">Gaboon Viper (<em data-start=\"1924\" data-end=\"1940\">Bitis gabonica<\/em>)<\/strong><\/h5>\n<ul data-start=\"1945\" data-end=\"2165\">\n<li data-start=\"1945\" data-end=\"1981\">\n<p data-start=\"1947\" data-end=\"1981\">Found in Central and West Africa<\/p>\n<\/li>\n<li data-start=\"1982\" data-end=\"2028\">\n<p data-start=\"1984\" data-end=\"2028\">One of the largest and heaviest vipers<\/p>\n<\/li>\n<li data-start=\"2029\" data-end=\"2074\">\n<p data-start=\"2031\" data-end=\"2074\">Striking pattern for camouflage in leaves<\/p>\n<\/li>\n<li data-start=\"2075\" data-end=\"2131\">\n<p data-start=\"2077\" data-end=\"2131\">Has the longest fangs of any snake (up to 5 cm)<\/p>\n<\/li>\n<li data-start=\"2132\" data-end=\"2165\">\n<p data-start=\"2134\" data-end=\"2165\">Delivers massive doses of venom<\/p>\n<\/li>\n<\/ul>\n<p style=\"text-align: center;\" data-start=\"2167\" data-end=\"2249\"><em data-start=\"2170\" data-end=\"2249\"><img decoding=\"async\" class=\"aligncenter\" src=\"https:\/\/media.istockphoto.com\/id\/500002711\/photo\/gaboon-viper-bitis-gabonica.jpg?s=612x612&amp;w=0&amp;k=20&amp;c=NIxMMFKuuYnZ6u4MWg-nxstbvxTYzlIQrDxQDK8uWE8=\" alt=\"180+ Gaboon Viper Stock Photos, Pictures &amp; Royalty-Free Images - iStock | Black mamba, Spitting cobra, Rattlesnake\" \/>Image showing a Gaboon viper perfectly camouflaged (Source: iStock)<\/em><\/p>\n<h5 data-start=\"2256\" data-end=\"2297\">2. <strong data-start=\"2264\" data-end=\"2297\">Puff Adder (<em data-start=\"2278\" data-end=\"2294\">Bitis arietans<\/em>)<\/strong><\/h5>\n<ul data-start=\"2299\" data-end=\"2487\">\n<li data-start=\"2299\" data-end=\"2339\">\n<p data-start=\"2301\" data-end=\"2339\">Widespread across sub-Saharan Africa<\/p>\n<\/li>\n<li data-start=\"2340\" data-end=\"2382\">\n<p data-start=\"2342\" data-end=\"2382\">Thick-bodied, aggressive if threatened<\/p>\n<\/li>\n<li data-start=\"2383\" data-end=\"2438\">\n<p data-start=\"2385\" data-end=\"2438\">Known for loud hissing (puffing) and sudden strikes<\/p>\n<\/li>\n<li data-start=\"2439\" data-end=\"2487\">\n<p data-start=\"2441\" data-end=\"2487\">Responsible for many snakebite cases in Africa<\/p>\n<\/li>\n<\/ul>\n<p data-start=\"2489\" data-end=\"2559\"><img decoding=\"async\" class=\"aligncenter\" src=\"https:\/\/encrypted-tbn0.gstatic.com\/images?q=tbn:ANd9GcQVdFpOS2rrxFW4ZG4Niai3B6f3i1E6hPWOeg&amp;s\" alt=\"African Puff Adder Snake Stock Photos - Free &amp; Royalty-Free Stock Photos from Dreamstime\" width=\"340\" height=\"226\" \/><\/p>\n<p style=\"text-align: center;\" data-start=\"2489\" data-end=\"2559\"><em data-start=\"2492\" data-end=\"2559\">Image Showing a Puff adder\u00a0 in defense position (Source: Dreamstime)<\/em><\/p>\n<p>3. <strong data-start=\"2574\" data-end=\"2614\">Saw-Scaled Viper (<em data-start=\"2594\" data-end=\"2611\">Echis carinatus<\/em>)<\/strong><\/p>\n<ul data-start=\"2616\" data-end=\"2811\">\n<li data-start=\"2616\" data-end=\"2668\">\n<p data-start=\"2618\" data-end=\"2668\">Found in Africa, the Middle East, and South Asia<\/p>\n<\/li>\n<li data-start=\"2669\" data-end=\"2714\">\n<p data-start=\"2671\" data-end=\"2714\">Small but extremely fast and venomous<\/p>\n<\/li>\n<li data-start=\"2715\" data-end=\"2767\">\n<p data-start=\"2717\" data-end=\"2767\">Makes a rasping sound by rubbing scales together<\/p>\n<\/li>\n<li data-start=\"2768\" data-end=\"2811\">\n<p data-start=\"2770\" data-end=\"2811\">Dangerous due to its speed and wide range<\/p>\n<\/li>\n<\/ul>\n<p style=\"text-align: center;\" data-start=\"2813\" data-end=\"2880\"><em data-start=\"2816\" data-end=\"2880\"><img decoding=\"async\" class=\"aligncenter\" src=\"https:\/\/res.cloudinary.com\/roundglass\/image\/upload\/v1578995030\/roundglass\/sustain\/Saw-scaled-viper_Gerry-Martin1-copy_gsluto.jpg\" alt=\"Saw Scaled Viper: Small, but Deadly | Roundglass I Sustain\" \/>Image showing a saw-scaled viper on sand, creating a warning sound (Source: Roundglass Sustain)<\/em><\/p>\n<p>4. <strong data-start=\"2895\" data-end=\"2933\">Horned Viper (<em data-start=\"2911\" data-end=\"2930\">Cerastes cerastes<\/em>)<\/strong><\/p>\n<ul data-start=\"2935\" data-end=\"3120\">\n<li data-start=\"2935\" data-end=\"2991\">\n<p data-start=\"2937\" data-end=\"2991\">Lives in deserts of North Africa and the Middle East<\/p>\n<\/li>\n<li data-start=\"2992\" data-end=\"3035\">\n<p data-start=\"2994\" data-end=\"3035\">Has horn-like scales above its eyes<\/p>\n<\/li>\n<li data-start=\"3036\" data-end=\"3090\">\n<p data-start=\"3038\" data-end=\"3090\">Sidewinder movement helps it glide across hot sand<\/p>\n<\/li>\n<li data-start=\"3091\" data-end=\"3120\">\n<p data-start=\"3093\" data-end=\"3120\">Excellent desert camouflage<\/p>\n<\/li>\n<\/ul>\n<p style=\"text-align: center;\" data-start=\"3122\" data-end=\"3202\"><em data-start=\"3125\" data-end=\"3202\"><img decoding=\"async\" class=\"aligncenter\" src=\"https:\/\/news.emory.edu\/features\/2021\/02\/esc-physics-of-snakeskin\/assets\/JO0OJDSrS1\/hornviper_cerastes_cerastes_wikipedia-1024x658.jpeg\" alt=\"Physics of snakeskin sheds light on sidewinding\" \/>Image showing a\u00a0 horned viper on a sandy dune (Source: Emory University)<\/em><\/p>\n<p>5. <strong data-start=\"3217\" data-end=\"3256\">Russell\u2019s Viper (<em data-start=\"3236\" data-end=\"3253\">Daboia russelii<\/em>)<\/strong><\/p>\n<ul data-start=\"3258\" data-end=\"3444\">\n<li data-start=\"3258\" data-end=\"3281\">\n<p data-start=\"3260\" data-end=\"3281\">Found in South Asia<\/p>\n<\/li>\n<li data-start=\"3282\" data-end=\"3331\">\n<p data-start=\"3284\" data-end=\"3331\">Highly venomous, with a strong, dramatic hiss<\/p>\n<\/li>\n<li data-start=\"3332\" data-end=\"3400\">\n<p data-start=\"3334\" data-end=\"3400\">One of the \u201cBig Four\u201d snakes responsible for snakebites in India<\/p>\n<\/li>\n<li data-start=\"3401\" data-end=\"3444\">\n<p data-start=\"3403\" data-end=\"3444\">Patterned with dark circles down its back<\/p>\n<\/li>\n<\/ul>\n<p style=\"text-align: center;\" data-start=\"3446\" data-end=\"3517\"><em data-start=\"3449\" data-end=\"3517\"><img decoding=\"async\" class=\"aligncenter\" src=\"https:\/\/media.istockphoto.com\/id\/1487322801\/photo\/russells-viper-snake-raising-its-head-for-movement-or-hunting-prey-it-is-a-pit-viper-commonly.jpg?s=170667a&amp;w=0&amp;k=20&amp;c=oeFAYOYJh9GIMcmoQBcPLb44M-3lCRwWMXDNCW31Zts=\" alt=\"Russells Viper Snake Raising Its Head For Movement Or Hunting Prey It Is A Pit Viper Commonly Found In India Locally Called As Chandrabora Stock Photo - Download Image Now - iStock\" \/>Image showing a russell\u2019s viper raising it&#8217;s head for movement with alert eyes (Source: iStock)<\/em><\/p>\n<h4 data-start=\"3524\" data-end=\"3557\"><strong data-start=\"3531\" data-end=\"3557\">Fun facts about Vipers<\/strong><\/h4>\n<ul data-start=\"3559\" data-end=\"3836\">\n<li data-start=\"3559\" data-end=\"3606\">\n<p data-start=\"3561\" data-end=\"3606\">Vipers can strike in less than a second<\/p>\n<\/li>\n<li data-start=\"3607\" data-end=\"3695\">\n<p data-start=\"3609\" data-end=\"3695\">Their venom is used in medical research, especially in blood pressure treatments<\/p>\n<\/li>\n<li data-start=\"3696\" data-end=\"3755\">\n<p data-start=\"3698\" data-end=\"3755\">Some species give live birth instead of laying eggs<\/p>\n<\/li>\n<li data-start=\"3756\" data-end=\"3836\">\n<p data-start=\"3758\" data-end=\"3836\">Pit vipers (like rattlesnakes) can \u201csee\u201d warm prey using heat-sensing pits<\/p>\n<\/li>\n<\/ul>\n<h4 data-start=\"3843\" data-end=\"3882\"><strong data-start=\"3850\" data-end=\"3882\">Venom vs Bite: what happens?<\/strong><\/h4>\n<p data-start=\"3884\" data-end=\"3900\">Viper venom can:<\/p>\n<ul data-start=\"3902\" data-end=\"4007\">\n<li data-start=\"3902\" data-end=\"3932\">\n<p data-start=\"3904\" data-end=\"3932\">Destroy tissue (cytotoxic)<\/p>\n<\/li>\n<li data-start=\"3933\" data-end=\"3959\">\n<p data-start=\"3935\" data-end=\"3959\">Disrupt blood clotting<\/p>\n<\/li>\n<li data-start=\"3960\" data-end=\"4007\">\n<p data-start=\"3962\" data-end=\"4007\">Cause pain, swelling, or death if untreated<\/p>\n<\/li>\n<\/ul>\n<p data-start=\"4009\" data-end=\"4125\"><strong data-start=\"4012\" data-end=\"4026\">Important:<\/strong> I<strong data-start=\"4062\" data-end=\"4088\">mmediate medical help<\/strong> is essential. Antivenom saves lives.<\/p>\n<h4 data-start=\"4132\" data-end=\"4170\"><strong data-start=\"4139\" data-end=\"4170\">Importance to the Ecosystem<\/strong><\/h4>\n<p data-start=\"4172\" data-end=\"4257\">Vipers play a big role in keeping <strong data-start=\"4206\" data-end=\"4228\">rodent populations<\/strong> under control. Without them:<\/p>\n<ul data-start=\"4259\" data-end=\"4403\">\n<li data-start=\"4259\" data-end=\"4296\">\n<p data-start=\"4261\" data-end=\"4296\">Rats and mice could overrun crops<\/p>\n<\/li>\n<li data-start=\"4297\" data-end=\"4338\">\n<p data-start=\"4299\" data-end=\"4338\">Disease-carrying pests would increase<\/p>\n<\/li>\n<li data-start=\"4339\" data-end=\"4403\">\n<p data-start=\"4341\" data-end=\"4403\">The natural balance between predator and prey would break down<\/p>\n<\/li>\n<\/ul>\n<h4 data-start=\"4410\" data-end=\"4437\"><strong data-start=\"4416\" data-end=\"4437\">Threats to Vipers<\/strong><\/h4>\n<p data-start=\"4439\" data-end=\"4489\">Despite being feared, vipers face several dangers:<\/p>\n<ul data-start=\"4491\" data-end=\"4707\">\n<li data-start=\"4491\" data-end=\"4541\">\n<p data-start=\"4493\" data-end=\"4541\">Habitat loss from farming and construction<\/p>\n<\/li>\n<li data-start=\"4542\" data-end=\"4585\">\n<p data-start=\"4544\" data-end=\"4585\">Killing out of fear or superstition<\/p>\n<\/li>\n<li data-start=\"4586\" data-end=\"4644\">\n<p data-start=\"4588\" data-end=\"4644\">Illegal pet trade and traditional medicine hunting<\/p>\n<\/li>\n<li data-start=\"4645\" data-end=\"4707\">\n<p data-start=\"4647\" data-end=\"4707\">Climate change affecting breeding and hibernation cycles<\/p>\n<\/li>\n<\/ul>\n<h4 data-start=\"4714\" data-end=\"4745\"><strong data-start=\"4722\" data-end=\"4745\">Conservation Status<\/strong><\/h4>\n<p data-start=\"4747\" data-end=\"4900\">Some viper species are common, but others, like the Armenian viper or Ursini\u2019s viper, are endangered due to shrinking habitats and hunting.<\/p>\n<p data-start=\"4902\" data-end=\"4931\">Conservation efforts include:<\/p>\n<ul data-start=\"4933\" data-end=\"5080\">\n<li data-start=\"4933\" data-end=\"4982\">\n<p data-start=\"4935\" data-end=\"4982\">Public education to reduce fear and myths<\/p>\n<\/li>\n<li data-start=\"4983\" data-end=\"5033\">\n<p data-start=\"4985\" data-end=\"5033\">Snakebite response training in rural areas<\/p>\n<\/li>\n<li data-start=\"5034\" data-end=\"5080\">\n<p data-start=\"5036\" data-end=\"5080\">Habitat protection in reserves and parks<\/p>\n<\/li>\n<\/ul>\n<h4 data-start=\"5087\" data-end=\"5108\">\u00a0Viper vs Cobra<\/h4>\n<div class=\"_tableContainer_80l1q_1\">\n<div class=\"_tableWrapper_80l1q_14 group flex w-fit flex-col-reverse\" tabindex=\"-1\">\n<table class=\"w-fit min-w-(--thread-content-width)\" data-start=\"5110\" data-end=\"5732\">\n<thead data-start=\"5110\" data-end=\"5198\">\n<tr data-start=\"5110\" data-end=\"5198\">\n<th data-start=\"5110\" data-end=\"5130\" data-col-size=\"sm\">Feature<\/th>\n<th data-start=\"5130\" data-end=\"5164\" data-col-size=\"sm\">Viper<\/th>\n<th data-start=\"5164\" data-end=\"5198\" data-col-size=\"sm\">Cobra<\/th>\n<\/tr>\n<\/thead>\n<tbody data-start=\"5288\" data-end=\"5732\">\n<tr data-start=\"5288\" data-end=\"5376\">\n<td data-start=\"5288\" data-end=\"5307\" data-col-size=\"sm\">Head<\/td>\n<td data-start=\"5307\" data-end=\"5342\" data-col-size=\"sm\">Triangular<\/td>\n<td data-start=\"5342\" data-end=\"5376\" data-col-size=\"sm\">Narrow with hood<\/td>\n<\/tr>\n<tr data-start=\"5377\" data-end=\"5465\">\n<td data-start=\"5377\" data-end=\"5396\" data-col-size=\"sm\">Venom Type<\/td>\n<td data-col-size=\"sm\" data-start=\"5396\" data-end=\"5431\">Cytotoxic (tissue damage)<\/td>\n<td data-col-size=\"sm\" data-start=\"5431\" data-end=\"5465\">Neurotoxic (nerve damage)<\/td>\n<\/tr>\n<tr data-start=\"5466\" data-end=\"5554\">\n<td data-start=\"5466\" data-end=\"5485\" data-col-size=\"sm\">Fangs<\/td>\n<td data-col-size=\"sm\" data-start=\"5485\" data-end=\"5520\">Long and hinged<\/td>\n<td data-col-size=\"sm\" data-start=\"5520\" data-end=\"5554\">Short and fixed<\/td>\n<\/tr>\n<tr data-start=\"5555\" data-end=\"5643\">\n<td data-start=\"5555\" data-end=\"5574\" data-col-size=\"sm\">Warning Display<\/td>\n<td data-start=\"5574\" data-end=\"5609\" data-col-size=\"sm\">Hiss or rattle<\/td>\n<td data-col-size=\"sm\" data-start=\"5609\" data-end=\"5643\">Hood flare and hiss<\/td>\n<\/tr>\n<tr data-start=\"5644\" data-end=\"5732\">\n<td data-start=\"5644\" data-end=\"5663\" data-col-size=\"sm\">Bite Delivery<\/td>\n<td data-col-size=\"sm\" data-start=\"5663\" data-end=\"5698\">Quick, deep strike<\/td>\n<td data-col-size=\"sm\" data-start=\"5698\" data-end=\"5732\">Slower, but with long hold<\/td>\n<\/tr>\n<\/tbody>\n<\/table>\n<\/div>\n<\/div>\n<p data-start=\"6006\" data-end=\"6187\">IF you find a snake in your area or need help with wildlife, you can reach out to us at <strong data-start=\"6069\" data-end=\"6101\">Doctor Hulk Veterinary Hospital,\u00a0<\/strong>or simply call us through\u00a0<strong>08143397614.<\/strong><\/p>\n<\/div>\n<\/div>\n<\/div>\n<\/div>\n<\/div>\n<\/div>\n<\/article>\n<\/div>\n<\/div>\n<\/div>\n<\/div>\n","protected":false},"excerpt":{"rendered":"<p>A viper is a type of venomous snake known for its long, hinged fangs and potent bite. Vipers are found<\/p>\n","protected":false},"featured_media":30751,"comment_status":"open","ping_status":"closed","template":"","meta":[],"product_brand":[],"product_cat":[172],"product_tag":[],"class_list":{"0":"post-30006","1":"product","2":"type-product","3":"status-publish","4":"has-post-thumbnail","6":"product_cat-v","8":"first","9":"instock","10":"shipping-taxable","11":"product-type-simple"},"_links":{"self":[{"href":"https:\/\/doctorhulk.com\/zoopedia\/wp-json\/wp\/v2\/product\/30006","targetHints":{"allow":["GET"]}}],"collection":[{"href":"https:\/\/doctorhulk.com\/zoopedia\/wp-json\/wp\/v2\/product"}],"about":[{"href":"https:\/\/doctorhulk.com\/zoopedia\/wp-json\/wp\/v2\/types\/product"}],"replies":[{"embeddable":true,"href":"https:\/\/doctorhulk.com\/zoopedia\/wp-json\/wp\/v2\/comments?post=30006"}],"version-history":[{"count":5,"href":"https:\/\/doctorhulk.com\/zoopedia\/wp-json\/wp\/v2\/product\/30006\/revisions"}],"predecessor-version":[{"id":30865,"href":"https:\/\/doctorhulk.com\/zoopedia\/wp-json\/wp\/v2\/product\/30006\/revisions\/30865"}],"wp:featuredmedia":[{"embeddable":true,"href":"https:\/\/doctorhulk.com\/zoopedia\/wp-json\/wp\/v2\/media\/30751"}],"wp:attachment":[{"href":"https:\/\/doctorhulk.com\/zoopedia\/wp-json\/wp\/v2\/media?parent=30006"}],"wp:term":[{"taxonomy":"product_brand","embeddable":true,"href":"https:\/\/doctorhulk.com\/zoopedia\/wp-json\/wp\/v2\/product_brand?post=30006"},{"taxonomy":"product_cat","embeddable":true,"href":"https:\/\/doctorhulk.com\/zoopedia\/wp-json\/wp\/v2\/product_cat?post=30006"},{"taxonomy":"product_tag","embeddable":true,"href":"https:\/\/doctorhulk.com\/zoopedia\/wp-json\/wp\/v2\/product_tag?post=30006"}],"curies":[{"name":"wp","href":"https:\/\/api.w.org\/{rel}","templated":true}]}}